{"id":36,"date":"2025-10-18T16:39:18","date_gmt":"2025-10-18T16:39:18","guid":{"rendered":"https:\/\/spzozjedlnia.pl\/?page_id=36"},"modified":"2026-04-03T12:05:21","modified_gmt":"2026-04-03T12:05:21","slug":"projekty-unijne","status":"publish","type":"page","link":"https:\/\/spzozjedlnia.pl\/?page_id=36","title":{"rendered":"Projekty Unijne"},"content":{"rendered":"\n<div data-wp-interactive=\"core\/file\" class=\"wp-block-file\"><object data-wp-bind--hidden=\"!state.hasPdfPreview\" hidden class=\"wp-block-file__embed\" data=\"https:\/\/spzozjedlnia.pl\/wp-content\/uploads\/2025\/12\/Przykladowy-opis-Projektu-PDF-1-1.pdf\" type=\"application\/pdf\" style=\"width:100%;height:600px\" aria-label=\"Osadzone z ..\"><\/object><a id=\"wp-block-file--media-8e2f090d-1cd0-4b82-a854-a869772a4501\" href=\"https:\/\/spzozjedlnia.pl\/wp-content\/uploads\/2025\/12\/Przykladowy-opis-Projektu-PDF-1-1.pdf\">.<\/a><a href=\"https:\/\/spzozjedlnia.pl\/wp-content\/uploads\/2025\/12\/Przykladowy-opis-Projektu-PDF-1-1.pdf\" class=\"wp-block-file__button wp-element-button\" download aria-describedby=\"wp-block-file--media-8e2f090d-1cd0-4b82-a854-a869772a4501\">Pobierz<\/a><\/div>\n\n\n\n<p class=\"has-text-align-left has-medium-font-size\">Samodzielny Publiczny Zak\u0142ad Opieki Zdrowotnej w Jedlni-Letnisko realizuje Projekt grantowy pn. \u201eWsparcie podstawowej opieki zdrowotnej (POZ)\u201d na podstawie umowy nr  070W\/7033\/I\/2024 zawartej z Narodowym Funduszem Zdrowia. Projekt dofinansowany jest ze \u015brodk\u00f3w Europejskiego Funduszu Rozwoju Regionalnego w ramach Programu Fundusze Europejskie na Infrastruktur\u0119, Klimat, \u015arodowisko 2021-2027. Ca\u0142kowita warto\u015b\u0107 Projektu to 1 250 000 000,00 z\u0142 z czego wysoko\u015b\u0107 wk\u0142adu Funduszy Europejskich wynosi 996 375 000,00 z\u0142. Samodzielny Publiczny Zak\u0142ad Opieki Zdrowotnej w Jedlni-Letnisko na realizacj\u0119 Przedsi\u0119wzi\u0119cia otrzyma\u0142 grant w wysoko\u015bci 450 000 z\u0142. W ramach otrzymanych \u015brodk\u00f3w zakupimy wszechstronny aparat ultrasonograficzny, bilirubinometr, koncentrator tlenu, lamp\u0119 diagnostyczn\u0105 bezcieniow\u0105, pulsoksymetr, wag\u0119 dla os\u00f3b niepe\u0142nosprawnych, wag\u0119 medyczn\u0105 dla niemowl\u0105t, w\u00f3zek inwalidzki oraz sprz\u0119t serwerowo-sieciowy, sprz\u0119t komputerowy i oprogramowanie teleinformatyczne.<br>Projekt jest skierowany do wszystkich podmiot\u00f3w wykonuj\u0105cych dzia\u0142alno\u015b\u0107 lecznicz\u0105, posiadaj\u0105cych umow\u0119 z NFZ o udzielanie \u015bwiadcze\u0144 w ramach POZ, a z jego efekt\u00f3w b\u0119d\u0105 mogli korzysta\u0107 wszyscy pacjenci plac\u00f3wki. G\u0142\u00f3wne cele Projektu:<\/p>\n\n\n\n<ul class=\"wp-block-list\">\n<li class=\"has-medium-font-size\">zwi\u0119kszenie dost\u0119pno\u015bci do \u015bwiadcze\u0144 POZ dzia\u0142aj\u0105cych na obszarach s\u0142abiej rozwini\u0119tych<br>gospodarczo i teren\u00f3w wiejskich oraz obszar\u00f3w zagro\u017conych utrat\u0105\/ograniczeniem dost\u0119pu do<br>POZ, poprzez udzielenie odpowiedniego wsparcia w zabezpieczeniu tych podmiot\u00f3w w niezb\u0119dny sprz\u0119t, w tym sprz\u0119t diagnostyczny;<\/li>\n\n\n\n<li class=\"has-medium-font-size\">wsparcie w zakresie infrastruktury niezb\u0119dnej do prowadzenia dzia\u0142alno\u015bci leczniczej, kt\u00f3rej celem b\u0119dzie dostosowanie i poprawa funkcjonalno\u015bci pomieszcze\u0144 do poszerzanych \u015bwiadcze\u0144 zdrowotnych w zakresie profilaktyki, diagnostyki i leczenia na poziomie POZ w kontek\u015bcie rozwoju opieki koordynowanej;<\/li>\n\n\n\n<li class=\"has-medium-font-size\">zwi\u0119kszenie dost\u0119pno\u015bci i efektywno\u015bci systemu opieki zdrowotnej w zakresie niwelowania r\u00f3\u017cnic regionalnych w dost\u0119pno\u015bci do us\u0142ug zdrowotnych.<br>Oczekiwane efekty Projektu:<\/li>\n\n\n\n<li class=\"has-medium-font-size\">wzrost dost\u0119pno\u015bci do podstawowych i specjalistycznych us\u0142ug zdrowotnych;<\/li>\n\n\n\n<li class=\"has-medium-font-size\">lepsza ochrona zdrowia i dobrostanu obywateli przed zagro\u017ceniami i negatywnymi skutkami<br>zwi\u0105zanymi ze \u015brodowiskiem;<\/li>\n\n\n\n<li class=\"has-medium-font-size\">otwarcie nowych plac\u00f3wek POZ, zw\u0142aszcza na terenach o mniejszej g\u0119sto\u015bci zaludnienia;<\/li>\n\n\n\n<li class=\"has-medium-font-size\">poprawa jako\u015bci \u015bwiadczonych us\u0142ug zdrowotnych i wzmocnienie odporno\u015bci systemu<br>medycznego.<\/li>\n<\/ul>\n\n\n\n<div data-wp-interactive=\"core\/file\" class=\"wp-block-file\"><object data-wp-bind--hidden=\"!state.hasPdfPreview\" hidden class=\"wp-block-file__embed\" data=\"https:\/\/spzozjedlnia.pl\/wp-content\/uploads\/2026\/04\/Przetarg-IT-4.pdf\" type=\"application\/pdf\" style=\"width:100%;height:600px\" aria-label=\"Osadzone z Przetarg IT.\"><\/object><a id=\"wp-block-file--media-557410ca-927e-4282-a059-a54b9b8e5fa3\" href=\"https:\/\/spzozjedlnia.pl\/wp-content\/uploads\/2026\/04\/Przetarg-IT-4.pdf\">Przetarg IT<\/a><a href=\"https:\/\/spzozjedlnia.pl\/wp-content\/uploads\/2026\/04\/Przetarg-IT-4.pdf\" class=\"wp-block-file__button wp-element-button\" download aria-describedby=\"wp-block-file--media-557410ca-927e-4282-a059-a54b9b8e5fa3\">Pobierz<\/a><\/div>\n\n\n\n<div data-wp-interactive=\"core\/file\" class=\"wp-block-file\"><object data-wp-bind--hidden=\"!state.hasPdfPreview\" hidden class=\"wp-block-file__embed\" data=\"https:\/\/spzozjedlnia.pl\/wp-content\/uploads\/2026\/04\/Ogloszenie-o-zamowieniu-2-3.pdf\" type=\"application\/pdf\" style=\"width:100%;height:600px\" aria-label=\"Osadzone z Og\u0142oszenie o zam\u00f3wieniu-2.\"><\/object><a id=\"wp-block-file--media-afee70ca-1e6d-4886-92ed-e72e03e42a2c\" href=\"https:\/\/spzozjedlnia.pl\/wp-content\/uploads\/2026\/04\/Ogloszenie-o-zamowieniu-2-3.pdf\">Og\u0142oszenie o zam\u00f3wieniu-2<\/a><a href=\"https:\/\/spzozjedlnia.pl\/wp-content\/uploads\/2026\/04\/Ogloszenie-o-zamowieniu-2-3.pdf\" class=\"wp-block-file__button wp-element-button\" download aria-describedby=\"wp-block-file--media-afee70ca-1e6d-4886-92ed-e72e03e42a2c\">Pobierz<\/a><\/div>\n\n\n\n<div data-wp-interactive=\"core\/file\" class=\"wp-block-file\"><object data-wp-bind--hidden=\"!state.hasPdfPreview\" hidden class=\"wp-block-file__embed\" data=\"https:\/\/spzozjedlnia.pl\/wp-content\/uploads\/2026\/04\/Przetarg-SM-2.pdf\" type=\"application\/pdf\" style=\"width:100%;height:600px\" aria-label=\"Osadzone z Przetarg SM.\"><\/object><a id=\"wp-block-file--media-7e614f58-7d34-46c7-b217-7a879d2a5691\" href=\"https:\/\/spzozjedlnia.pl\/wp-content\/uploads\/2026\/04\/Przetarg-SM-2.pdf\">Przetarg SM<\/a><a href=\"https:\/\/spzozjedlnia.pl\/wp-content\/uploads\/2026\/04\/Przetarg-SM-2.pdf\" class=\"wp-block-file__button wp-element-button\" download aria-describedby=\"wp-block-file--media-7e614f58-7d34-46c7-b217-7a879d2a5691\">Pobierz<\/a><\/div>\n\n\n\n<div data-wp-interactive=\"core\/file\" class=\"wp-block-file\"><object data-wp-bind--hidden=\"!state.hasPdfPreview\" hidden class=\"wp-block-file__embed\" data=\"https:\/\/spzozjedlnia.pl\/wp-content\/uploads\/2026\/04\/Ogloszenie-o-zamowieniu-1-4.pdf\" type=\"application\/pdf\" style=\"width:100%;height:600px\" aria-label=\"Osadzone z Og\u0142oszenie o zam\u00f3wieniu-1.\"><\/object><a id=\"wp-block-file--media-3da967b6-d120-45e8-8ae9-fa129a088443\" href=\"https:\/\/spzozjedlnia.pl\/wp-content\/uploads\/2026\/04\/Ogloszenie-o-zamowieniu-1-4.pdf\">Og\u0142oszenie o zam\u00f3wieniu-1<\/a><a href=\"https:\/\/spzozjedlnia.pl\/wp-content\/uploads\/2026\/04\/Ogloszenie-o-zamowieniu-1-4.pdf\" class=\"wp-block-file__button wp-element-button\" download aria-describedby=\"wp-block-file--media-3da967b6-d120-45e8-8ae9-fa129a088443\">Pobierz<\/a><\/div>\n","protected":false},"excerpt":{"rendered":"<div class=\"mh-excerpt\"><p>Samodzielny Publiczny Zak\u0142ad Opieki Zdrowotnej w Jedlni-Letnisko realizuje Projekt grantowy pn. \u201eWsparcie podstawowej opieki zdrowotnej (POZ)\u201d na podstawie umowy nr 070W\/7033\/I\/2024 zawartej z Narodowym Funduszem Zdrowia. Projekt dofinansowany jest ze \u015brodk\u00f3w Europejskiego Funduszu Rozwoju Regionalnego w ramach Programu Fundusze Europejskie na Infrastruktur\u0119, Klimat, \u015arodowisko 2021-2027. Ca\u0142kowita warto\u015b\u0107 Projektu to 1 250 000 000,00 z\u0142 z czego wysoko\u015b\u0107 wk\u0142adu Funduszy Europejskich wynosi 996 375 000,00 z\u0142. Samodzielny Publiczny Zak\u0142ad Opieki Zdrowotnej w Jedlni-Letnisko na realizacj\u0119 Przedsi\u0119wzi\u0119cia otrzyma\u0142 grant w wysoko\u015bci 450 000 z\u0142. W ramach otrzymanych \u015brodk\u00f3w zakupimy wszechstronny aparat ultrasonograficzny, bilirubinometr, koncentrator tlenu, lamp\u0119 diagnostyczn\u0105 bezcieniow\u0105, pulsoksymetr, wag\u0119 dla os\u00f3b niepe\u0142nosprawnych, wag\u0119 medyczn\u0105 dla niemowl\u0105t, w\u00f3zek inwalidzki oraz sprz\u0119t serwerowo-sieciowy, sprz\u0119t komputerowy i oprogramowanie teleinformatyczne.Projekt jest skierowany do wszystkich podmiot\u00f3w wykonuj\u0105cych dzia\u0142alno\u015b\u0107 lecznicz\u0105, posiadaj\u0105cych umow\u0119 z NFZ o udzielanie \u015bwiadcze\u0144 w ramach POZ, a z jego efekt\u00f3w b\u0119d\u0105 mogli korzysta\u0107 wszyscy pacjenci plac\u00f3wki. G\u0142\u00f3wne cele Projektu:<\/p>\n<\/div>","protected":false},"author":1,"featured_media":0,"parent":0,"menu_order":0,"comment_status":"closed","ping_status":"closed","template":"template-full.php","meta":{"footnotes":""},"class_list":["post-36","page","type-page","status-publish"],"_links":{"self":[{"href":"https:\/\/spzozjedlnia.pl\/index.php?rest_route=\/wp\/v2\/pages\/36","targetHints":{"allow":["GET"]}}],"collection":[{"href":"https:\/\/spzozjedlnia.pl\/index.php?rest_route=\/wp\/v2\/pages"}],"about":[{"href":"https:\/\/spzozjedlnia.pl\/index.php?rest_route=\/wp\/v2\/types\/page"}],"author":[{"embeddable":true,"href":"https:\/\/spzozjedlnia.pl\/index.php?rest_route=\/wp\/v2\/users\/1"}],"replies":[{"embeddable":true,"href":"https:\/\/spzozjedlnia.pl\/index.php?rest_route=%2Fwp%2Fv2%2Fcomments&post=36"}],"version-history":[{"count":13,"href":"https:\/\/spzozjedlnia.pl\/index.php?rest_route=\/wp\/v2\/pages\/36\/revisions"}],"predecessor-version":[{"id":546,"href":"https:\/\/spzozjedlnia.pl\/index.php?rest_route=\/wp\/v2\/pages\/36\/revisions\/546"}],"wp:attachment":[{"href":"https:\/\/spzozjedlnia.pl\/index.php?rest_route=%2Fwp%2Fv2%2Fmedia&parent=36"}],"curies":[{"name":"wp","href":"https:\/\/api.w.org\/{rel}","templated":true}]}}