{"id":34,"date":"2025-10-18T16:38:55","date_gmt":"2025-10-18T16:38:55","guid":{"rendered":"https:\/\/spzozjedlnia.pl\/?page_id=34"},"modified":"2026-03-13T09:15:43","modified_gmt":"2026-03-13T09:15:43","slug":"poradnia-w-groszowicach","status":"publish","type":"page","link":"https:\/\/spzozjedlnia.pl\/?page_id=34","title":{"rendered":"Poradnia w Groszowicach"},"content":{"rendered":"\n<h4 class=\"wp-block-heading\"><strong>PORADNIA MEDYCYNY RODZINNEJ&nbsp;W GROSZOWICACH&nbsp; &nbsp;<\/strong><\/h4>\n\n\n\n<h4 class=\"wp-block-heading\">Us\u0142ugi lekarza i piel\u0119gniarki POZ dost\u0119pne s\u0105 od poniedzia\u0142ku do pi\u0105tku<\/h4>\n\n\n\n<ul class=\"wp-block-list\">\n<li>Gabinet lekarza rodzinnego- zapisy na wizyty lekarskie prowadzone s\u0105 osobi\u015bcie w rejestracji lub telefonicznie pod nr tel. 515 828 301.<\/li>\n\n\n\n<li>Gabinet zabiegowy (ekg, zabiegi piel\u0119gniarskie, szczepienia ochronne, pomiar poziomu cukru we krwi) czynny w poniedzia\u0142ki od godziny 9.00 do 17.00 oraz od wtorku do pi\u0105tku od godziny 8.00 do 13.00.<\/li>\n\n\n\n<li>Gabinet piel\u0119gniarki \u015brodowiskowej i po\u0142o\u017cnej \u015brodowiskowej- us\u0142ugi piel\u0119gniarskie w domu pacjenta realizowane s\u0105 po wcze\u015bniejszym ustaleniu terminu wizyty.<\/li>\n\n\n\n<li>Punkt pobra\u0144 materia\u0142u do bada\u0144 laboratoryjnych czynny w czwartki od 8.00 do 10.00.<\/li>\n\n\n\n<li>oraz dodatkowo od poniedzia\u0142ku do soboty w godzinach od 7.00 do 9.30 w Pracowni Analiz Medycznych w Radomiu ul. Struga 19\/21 tel. 48&nbsp;363-45-66.<\/li>\n\n\n\n<li>Punkt szczepie\u0144 &#8211; terminy ustalane na bie\u017c\u0105co.<\/li>\n<\/ul>\n\n\n\n<div class=\"wp-block-columns is-layout-flex wp-container-core-columns-is-layout-9d6595d7 wp-block-columns-is-layout-flex\">\n<div class=\"wp-block-column is-layout-flow wp-block-column-is-layout-flow\" style=\"flex-basis:100%\">\n<figure class=\"wp-block-table\"><table class=\"has-fixed-layout\"><tbody><tr><td>Lekarz<\/td><td>Poniedzia\u0142ek<\/td><td>Wtorek<\/td><td>\u015aroda<\/td><td>Czwartek<\/td><td>Pi\u0105tek<\/td><\/tr><tr><td>Elwira J\u0119czy\u0144ska<\/td><td><\/td><td>od 8.00 do 14.00<\/td><td><\/td><td><\/td><td><\/td><\/tr><tr><td>Ma\u0142gorzata Sztuk<\/td><td><\/td><td><\/td><td>od 8.00 do 14.00<\/td><td>od 8.00 do 12.00<\/td><td>od 8.00 do 14.00<\/td><\/tr><tr><td>Ayoub Sayed<\/td><td>od 9.00 do 17.00<\/td><td><\/td><td><\/td><td><\/td><td><\/td><\/tr><tr><td>Antoni Sokalski<\/td><td><\/td><td><\/td><td><\/td><td>od 14.15 do 18.00<\/td><td><\/td><\/tr><\/tbody><\/table><\/figure>\n<\/div>\n<\/div>\n","protected":false},"excerpt":{"rendered":"<div class=\"mh-excerpt\"><p>PORADNIA MEDYCYNY RODZINNEJ&nbsp;W GROSZOWICACH&nbsp; &nbsp; Us\u0142ugi lekarza i piel\u0119gniarki POZ dost\u0119pne s\u0105 od poniedzia\u0142ku do pi\u0105tku Lekarz Poniedzia\u0142ek Wtorek \u015aroda Czwartek Pi\u0105tek Elwira J\u0119czy\u0144ska od 8.00 do 14.00 Ma\u0142gorzata Sztuk od 8.00 do 14.00 od 8.00 do 12.00 od 8.00 do 14.00 Ayoub Sayed od 9.00 do 17.00 Antoni Sokalski od 14.15 do 18.00<\/p>\n<\/div>","protected":false},"author":1,"featured_media":0,"parent":0,"menu_order":0,"comment_status":"closed","ping_status":"closed","template":"template-full.php","meta":{"footnotes":""},"class_list":["post-34","page","type-page","status-publish"],"_links":{"self":[{"href":"https:\/\/spzozjedlnia.pl\/index.php?rest_route=\/wp\/v2\/pages\/34","targetHints":{"allow":["GET"]}}],"collection":[{"href":"https:\/\/spzozjedlnia.pl\/index.php?rest_route=\/wp\/v2\/pages"}],"about":[{"href":"https:\/\/spzozjedlnia.pl\/index.php?rest_route=\/wp\/v2\/types\/page"}],"author":[{"embeddable":true,"href":"https:\/\/spzozjedlnia.pl\/index.php?rest_route=\/wp\/v2\/users\/1"}],"replies":[{"embeddable":true,"href":"https:\/\/spzozjedlnia.pl\/index.php?rest_route=%2Fwp%2Fv2%2Fcomments&post=34"}],"version-history":[{"count":5,"href":"https:\/\/spzozjedlnia.pl\/index.php?rest_route=\/wp\/v2\/pages\/34\/revisions"}],"predecessor-version":[{"id":473,"href":"https:\/\/spzozjedlnia.pl\/index.php?rest_route=\/wp\/v2\/pages\/34\/revisions\/473"}],"wp:attachment":[{"href":"https:\/\/spzozjedlnia.pl\/index.php?rest_route=%2Fwp%2Fv2%2Fmedia&parent=34"}],"curies":[{"name":"wp","href":"https:\/\/api.w.org\/{rel}","templated":true}]}}