{"id":334,"date":"2026-02-09T07:21:44","date_gmt":"2026-02-09T07:21:44","guid":{"rendered":"https:\/\/spzozjedlnia.pl\/?page_id=334"},"modified":"2026-02-09T12:18:20","modified_gmt":"2026-02-09T12:18:20","slug":"zamow-wizyte","status":"publish","type":"page","link":"https:\/\/spzozjedlnia.pl\/?page_id=334","title":{"rendered":"Zam\u00f3w wizyt\u0119 &#8211; STRONA  TESTOWA"},"content":{"rendered":"\n<p><\/p>\n\n\n\n<p><\/p>\n\n\n\n<br><br><p>Za pomoc\u0105 poni\u017cszego formularza mo\u017cesz<strong> zam\u00f3wi\u0107 termin wizyty <\/strong>u jednego z naszych specjalist\u00f3w.<\/p>\n\n\n\n<p>Pami\u0119taj przes\u0142anie formularza nie jest jednoznaczne z potwierdzeniem wizyty (sprawd\u017a regulamin us\u0142ugi zam\u00f3w wizyt\u0119). <strong>Potwierdzimy j\u0105 telefonicznie lub emailowo <\/strong>po przeanalizowaniu Twojej wiadomo\u015bci.<\/p>\n\n\n\n<div class=\"wpforms-container wpforms-container-full wpforms-render-modern\" id=\"wpforms-336\"><form id=\"wpforms-form-336\" class=\"wpforms-validate wpforms-form wpforms-ajax-form\" data-formid=\"336\" method=\"post\" enctype=\"multipart\/form-data\" action=\"\/index.php?rest_route=%2Fwp%2Fv2%2Fpages%2F334\" data-token=\"70b7faf28c3990f080ec5add36dc442b\"><noscript class=\"wpforms-error-noscript\">Aby wype\u0142ni\u0107 ten formularz, w\u0142\u0105cz obs\u0142ug\u0119 JavaScript w przegl\u0105darce.<\/noscript><div class=\"wpforms-hidden\" id=\"wpforms-error-noscript\">Aby wype\u0142ni\u0107 ten formularz, w\u0142\u0105cz obs\u0142ug\u0119 JavaScript w przegl\u0105darce.<\/div><div class=\"wpforms-field-container\"><div id=\"wpforms-336-field_2-container\" class=\"wpforms-field wpforms-field-name\" data-field-id=\"2\"><fieldset><legend class=\"wpforms-field-label\">Imi\u0119 i nazwisko <span class=\"wpforms-required-label\" aria-hidden=\"true\">*<\/span><\/legend><div class=\"wpforms-field-row wpforms-field-medium\"><div class=\"wpforms-field-row-block wpforms-first wpforms-one-half\"><input type=\"text\" id=\"wpforms-336-field_2\" class=\"wpforms-field-name-first wpforms-field-required\" name=\"wpforms[fields][2][first]\" aria-errormessage=\"wpforms-336-field_2-error\" required><label for=\"wpforms-336-field_2\" class=\"wpforms-field-sublabel after \">Pierwszy<\/label><\/div><div class=\"wpforms-field-row-block wpforms-one-half\"><input type=\"text\" id=\"wpforms-336-field_2-last\" class=\"wpforms-field-name-last wpforms-field-required\" name=\"wpforms[fields][2][last]\" aria-errormessage=\"wpforms-336-field_2-last-error\" required><label for=\"wpforms-336-field_2-last\" class=\"wpforms-field-sublabel after \">Ostatni<\/label><\/div><\/div><\/fieldset><\/div><div id=\"wpforms-336-field_5-container\" class=\"wpforms-field wpforms-field-email\" data-field-id=\"5\"><label class=\"wpforms-field-label\" for=\"wpforms-336-field_5\">Adres e-mail <span class=\"wpforms-required-label\" aria-hidden=\"true\">*<\/span><\/label><input type=\"email\" id=\"wpforms-336-field_5\" class=\"wpforms-field-medium wpforms-field-required\" name=\"wpforms[fields][5]\" spellcheck=\"false\" aria-errormessage=\"wpforms-336-field_5-error\" required><\/div><div id=\"wpforms-336-field_6-container\" class=\"wpforms-field wpforms-field-phone\" data-field-id=\"6\"><label class=\"wpforms-field-label\" for=\"wpforms-336-field_6\">Telefon <span class=\"wpforms-required-label\" aria-hidden=\"true\">*<\/span><\/label><input type=\"tel\" id=\"wpforms-336-field_6\" class=\"wpforms-field-medium wpforms-field-required wpforms-smart-phone-field\" data-rule-smart-phone-field=\"true\" name=\"wpforms[fields][6]\" aria-errormessage=\"wpforms-336-field_6-error\" required><\/div><div id=\"wpforms-336-field_3-container\" class=\"wpforms-field wpforms-field-select wpforms-field-select-style-classic\" data-field-id=\"3\"><label class=\"wpforms-field-label\" for=\"wpforms-336-field_3\">Wybierz specjalist\u0119<\/label><select id=\"wpforms-336-field_3\" class=\"wpforms-field-medium\" name=\"wpforms[fields][3]\"><option value=\"Pediatra\" >Pediatra<\/option><option value=\"Ginekolog\" >Ginekolog<\/option><option value=\"Lekarz rodzinny\" >Lekarz rodzinny<\/option><option value=\"Rehalitacja\" >Rehalitacja<\/option><option value=\"Diabetolog\" >Diabetolog<\/option><option value=\"Kardiolog\" >Kardiolog<\/option><\/select><\/div><div id=\"wpforms-336-field_4-container\" class=\"wpforms-field wpforms-field-date-time\" data-field-id=\"4\"><fieldset><legend class=\"wpforms-field-label\">Wybierz dat\u0119 i godzin\u0119 wizyty<\/legend><div class=\"wpforms-field-row wpforms-field-medium\"><div class=\"wpforms-field-row-block wpforms-date-type-datepicker\"><div class=\"wpforms-datepicker-wrap\"><input type=\"text\" id=\"wpforms-336-field_4\" class=\"wpforms-field-date-time-date wpforms-datepicker\" data-date-format=\"m\/d\/Y\" data-limit-days=\"mon,tue,wed,thu,fri\" data-disable-past-dates=\"0\" data-input=\"true\" name=\"wpforms[fields][4][date]\" aria-errormessage=\"wpforms-336-field_4-error\" ><a title=\"Wyczy\u015b\u0107 dat\u0119\" data-clear class=\"wpforms-datepicker-clear\" style=\"display:none;\"><\/a><\/div><label for=\"wpforms-336-field_4\" class=\"wpforms-field-sublabel after \">Data<\/label><\/div><div class=\"wpforms-field-row-block\"><input type=\"text\" id=\"wpforms-336-field_4-time\" class=\"wpforms-field-date-time-time wpforms-timepicker\" data-time-format=\"H:i\" data-step=\"30\" data-rule-time24h=\"true\" data-min-time=\"09:00\" data-max-time=\"18:00\" data-rule-time-limit=\"true\" name=\"wpforms[fields][4][time]\" aria-errormessage=\"wpforms-336-field_4-time-error\" ><label for=\"wpforms-336-field_4-time\" class=\"wpforms-field-sublabel after \">Godzina<\/label><\/div><\/div><\/fieldset><\/div><div id=\"wpforms-336-field_7-container\" class=\"wpforms-field wpforms-field-textarea\" data-field-id=\"7\"><label class=\"wpforms-field-label\" for=\"wpforms-336-field_7\">Dodatkowe informacje<\/label><textarea id=\"wpforms-336-field_7\" class=\"wpforms-field-medium\" name=\"wpforms[fields][7]\" aria-errormessage=\"wpforms-336-field_7-error\" ><\/textarea><\/div><div id=\"wpforms-336-field_8-container\" class=\"wpforms-field wpforms-field-checkbox\" data-field-id=\"8\"><fieldset><legend class=\"wpforms-field-label\">Zaakceptuj regulamin us\u0142ugi oraz polityk\u0119 prywatno\u015bci <span class=\"wpforms-required-label\" aria-hidden=\"true\">*<\/span><\/legend><ul id=\"wpforms-336-field_8\" class=\"wpforms-field-required\"><li class=\"choice-1 depth-1\"><input type=\"checkbox\" id=\"wpforms-336-field_8_1\" name=\"wpforms[fields][8][]\" value=\"Akceptuj\u0119 regulamin zam\u00f3w wizyt\u0119 i polityk\u0119 prywatno\u015bci.\" aria-errormessage=\"wpforms-336-field_8_1-error\" required ><label class=\"wpforms-field-label-inline\" for=\"wpforms-336-field_8_1\">Akceptuj\u0119 regulamin zam\u00f3w wizyt\u0119 i polityk\u0119 prywatno\u015bci.<\/label><\/li><\/ul><\/fieldset><\/div><\/div><!-- .wpforms-field-container --><div class=\"wpforms-submit-container\" ><input type=\"hidden\" name=\"wpforms[id]\" value=\"336\"><input type=\"hidden\" name=\"wpforms[author]\" value=\"1\"><button type=\"submit\" name=\"wpforms[submit]\" id=\"wpforms-submit-336\" class=\"wpforms-submit\" data-alt-text=\"Wysy\u0142anie...\" data-submit-text=\"Zamawiam wizyt\u0119\" aria-live=\"assertive\" value=\"wpforms-submit\">Zamawiam wizyt\u0119<\/button><img loading=\"lazy\" decoding=\"async\" src=\"https:\/\/spzozjedlnia.pl\/wp-content\/plugins\/wpforms\/assets\/images\/submit-spin.svg\" class=\"wpforms-submit-spinner\" style=\"display: none;\" width=\"26\" height=\"26\" alt=\"Wczytywanie\"><\/div><\/form><\/div>  <!-- .wpforms-container -->\n","protected":false},"excerpt":{"rendered":"<div class=\"mh-excerpt\"><p>Za pomoc\u0105 poni\u017cszego formularza mo\u017cesz zam\u00f3wi\u0107 termin wizyty u jednego z naszych specjalist\u00f3w. Pami\u0119taj przes\u0142anie formularza nie jest jednoznaczne z potwierdzeniem wizyty (sprawd\u017a regulamin us\u0142ugi zam\u00f3w wizyt\u0119). Potwierdzimy j\u0105 telefonicznie lub emailowo po przeanalizowaniu Twojej wiadomo\u015bci.<\/p>\n<\/div>","protected":false},"author":1,"featured_media":0,"parent":0,"menu_order":0,"comment_status":"closed","ping_status":"closed","template":"","meta":{"footnotes":""},"class_list":["post-334","page","type-page","status-publish"],"_links":{"self":[{"href":"https:\/\/spzozjedlnia.pl\/index.php?rest_route=\/wp\/v2\/pages\/334","targetHints":{"allow":["GET"]}}],"collection":[{"href":"https:\/\/spzozjedlnia.pl\/index.php?rest_route=\/wp\/v2\/pages"}],"about":[{"href":"https:\/\/spzozjedlnia.pl\/index.php?rest_route=\/wp\/v2\/types\/page"}],"author":[{"embeddable":true,"href":"https:\/\/spzozjedlnia.pl\/index.php?rest_route=\/wp\/v2\/users\/1"}],"replies":[{"embeddable":true,"href":"https:\/\/spzozjedlnia.pl\/index.php?rest_route=%2Fwp%2Fv2%2Fcomments&post=334"}],"version-history":[{"count":6,"href":"https:\/\/spzozjedlnia.pl\/index.php?rest_route=\/wp\/v2\/pages\/334\/revisions"}],"predecessor-version":[{"id":366,"href":"https:\/\/spzozjedlnia.pl\/index.php?rest_route=\/wp\/v2\/pages\/334\/revisions\/366"}],"wp:attachment":[{"href":"https:\/\/spzozjedlnia.pl\/index.php?rest_route=%2Fwp%2Fv2%2Fmedia&parent=334"}],"curies":[{"name":"wp","href":"https:\/\/api.w.org\/{rel}","templated":true}]}}