{"id":28,"date":"2025-10-18T16:38:12","date_gmt":"2025-10-18T16:38:12","guid":{"rendered":"https:\/\/spzozjedlnia.pl\/?page_id=28"},"modified":"2026-03-12T12:46:30","modified_gmt":"2026-03-12T12:46:30","slug":"poradnia-w-jedlni-letnisko","status":"publish","type":"page","link":"https:\/\/spzozjedlnia.pl\/?page_id=28","title":{"rendered":"Poradnia w Jedlni-Letnisko"},"content":{"rendered":"\n<h4 class=\"wp-block-heading\"><strong>PORADNIA LEKARZA RODZINNEGO<\/strong><\/h4>\n\n\n\n<p>Us\u0142ugi lekarza i piel\u0119gniarki POZ dost\u0119pne s\u0105 od poniedzia\u0142ku do pi\u0105tku w godzinach 8.00-18.00<\/p>\n\n\n\n<ul class=\"wp-block-list\">\n<li>Gabinet lekarza rodzinnego &#8211; zapisy na wizyty lekarskie osobi\u015bcie w rejestracji lub telefonicznie pod numerem tel. 48&nbsp;322-10-23 lub tel. 573 055 033 lub tel. 453 697 511<\/li>\n\n\n\n<li>Gabinet zabiegowy (ekg, zabiegi piel\u0119gniarskie) czynny w godzinach od 8.00 do 18.00.<\/li>\n\n\n\n<li>Punkt szczepie\u0144 &#8211; terminy ustalane na bie\u017c\u0105co.<\/li>\n\n\n\n<li>Gabinet piel\u0119gniarek \u015brodowiskowych &#8211; us\u0142ugi piel\u0119gniarskie w domu pacjenta realizowane s\u0105 po wcze\u015bniejszym ustaleniu terminu wizyty.<\/li>\n\n\n\n<li>Gabinet piel\u0119gniarek w miejscu nauczania i wychowania czynny zgodnie z harmonogramem.<\/li>\n\n\n\n<li>Punkt pobra\u0144 materia\u0142u do bada\u0144 laboratoryjnych czynny w poniedzia\u0142ki, wtorki i czwartki w godzinach od 7.00 do 10.00<\/li>\n\n\n\n<li>oraz dodatkowo od poniedzia\u0142ku do soboty w godzinach od 7.00 do 9.30 w Pracowni Analiz Medycznych w Radomiu ul. Struga 19\/21 tel. 48\u00a0363-45-66.<\/li>\n<\/ul>\n\n\n\n<p><\/p>\n\n\n\n<p>Od 9.03 do 13.03.2026<\/p>\n\n\n\n<figure class=\"wp-block-table aligncenter\"><table class=\"has-fixed-layout\"><tbody><tr><td class=\"has-text-align-center\" data-align=\"center\"><strong>LEKARZ<\/strong><\/td><td>PONIEDZIA\u0141EK<\/td><td>WTOREK<\/td><td>\u015aRODA<\/td><td>CZWARTEK<\/td><td>PI\u0104TEK<\/td><\/tr><tr><td class=\"has-text-align-center\" data-align=\"center\">ELWIRA J\u0118CZY\u0143SKA<\/td><td>od 8.00 do 14.00<\/td><td>GROSZOWICE<\/td><td>od 8.00 do 14.00<\/td><td>od 8.00 do 14.00<\/td><td>od 8.00 do 14.00<\/td><\/tr><tr><td class=\"has-text-align-center\" data-align=\"center\">ROBERT GA\u0141\u0118ZIA<\/td><td><\/td><td>od 8.00 do 13.00<\/td><td>od 8.00 do 13.00<\/td><td><\/td><td>od 8.00 do 14.00<\/td><\/tr><tr><td class=\"has-text-align-center\" data-align=\"center\">WALDEMAR PRZYBY\u0141OWICZ<\/td><td>od 8.00 do 14.00<\/td><td>od 8.00 do 12.00<\/td><td><\/td><td><\/td><td><\/td><\/tr><tr><td class=\"has-text-align-center\" data-align=\"center\">PEDIATRA AGNIESZKA MIRONIAK<\/td><td>od 12.00 do 18.00<\/td><td>od 8.00 do 14.00<\/td><td>od 8.00 do 14.00<\/td><td><\/td><td><\/td><\/tr><tr><td class=\"has-text-align-center\" data-align=\"center\">ANTONI SOKALSKI<\/td><td><\/td><td>od 14.15 do 18.00<\/td><td><\/td><td><\/td><td><\/td><\/tr><tr><td class=\"has-text-align-center\" data-align=\"center\">SYLWIA MICH PRZYBY\u0141OWICZ<\/td><td>od 12.00 do 18.00<\/td><td>od 12.00 do 18.00<\/td><td>od 12.00 do 18.00<\/td><td>od 12.00 do 18.00<\/td><td>od 12.00 do 18.00<\/td><\/tr><tr><td class=\"has-text-align-center\" data-align=\"center\">PEDIATRA LIANA ZAVOROTNA<\/td><td>od 8.00 do 14.00<\/td><td>od 8.00 do 14.00<\/td><td>od 8.00 do 14.00<\/td><td>od 8.00 do 14.00<\/td><td>od 8.00 do 14.00<\/td><\/tr><tr><td class=\"has-text-align-center\" data-align=\"center\">MA\u0141GORZATA P\u0141ACHTA<\/td><td>od 15.00 do 18.00<\/td><td><\/td><td><\/td><td><\/td><td>X<\/td><\/tr><tr><td class=\"has-text-align-center\" data-align=\"center\">ANNA ZBOJNA SERWATKA<\/td><td>od 8.00 do 14.00<\/td><td><\/td><td>od 14.00 do 18.00<\/td><td>od 11.00 do 17.00<\/td><td><\/td><\/tr><\/tbody><\/table><\/figure>\n\n\n\n<p><\/p>\n","protected":false},"excerpt":{"rendered":"<div class=\"mh-excerpt\"><p>PORADNIA LEKARZA RODZINNEGO Us\u0142ugi lekarza i piel\u0119gniarki POZ dost\u0119pne s\u0105 od poniedzia\u0142ku do pi\u0105tku w godzinach 8.00-18.00 Od 9.03 do 13.03.2026 LEKARZ PONIEDZIA\u0141EK WTOREK \u015aRODA CZWARTEK PI\u0104TEK ELWIRA J\u0118CZY\u0143SKA od 8.00 do 14.00 GROSZOWICE od 8.00 do 14.00 od 8.00 do 14.00 od 8.00 do 14.00 ROBERT GA\u0141\u0118ZIA od 8.00 do 13.00 od 8.00 do 13.00 od 8.00 do 14.00 WALDEMAR PRZYBY\u0141OWICZ od 8.00 do 14.00 od 8.00 do 12.00 PEDIATRA AGNIESZKA MIRONIAK od 12.00 do 18.00 od 8.00 do 14.00 od 8.00 do 14.00 ANTONI SOKALSKI od 14.15 do 18.00 SYLWIA MICH PRZYBY\u0141OWICZ od 12.00 do 18.00 od 12.00 do 18.00 od 12.00 do 18.00 od 12.00 do 18.00 od 12.00 do 18.00 PEDIATRA LIANA ZAVOROTNA od 8.00 do 14.00 od 8.00 do 14.00 od 8.00 do 14.00 od 8.00 do 14.00 od 8.00 do 14.00 MA\u0141GORZATA P\u0141ACHTA od 15.00 do 18.00 X ANNA ZBOJNA SERWATKA od 8.00 do 14.00 od 14.00 do 18.00 od 11.00 do 17.00<\/p>\n<\/div>","protected":false},"author":1,"featured_media":0,"parent":0,"menu_order":0,"comment_status":"closed","ping_status":"closed","template":"template-full.php","meta":{"footnotes":""},"class_list":["post-28","page","type-page","status-publish"],"_links":{"self":[{"href":"https:\/\/spzozjedlnia.pl\/index.php?rest_route=\/wp\/v2\/pages\/28","targetHints":{"allow":["GET"]}}],"collection":[{"href":"https:\/\/spzozjedlnia.pl\/index.php?rest_route=\/wp\/v2\/pages"}],"about":[{"href":"https:\/\/spzozjedlnia.pl\/index.php?rest_route=\/wp\/v2\/types\/page"}],"author":[{"embeddable":true,"href":"https:\/\/spzozjedlnia.pl\/index.php?rest_route=\/wp\/v2\/users\/1"}],"replies":[{"embeddable":true,"href":"https:\/\/spzozjedlnia.pl\/index.php?rest_route=%2Fwp%2Fv2%2Fcomments&post=28"}],"version-history":[{"count":9,"href":"https:\/\/spzozjedlnia.pl\/index.php?rest_route=\/wp\/v2\/pages\/28\/revisions"}],"predecessor-version":[{"id":466,"href":"https:\/\/spzozjedlnia.pl\/index.php?rest_route=\/wp\/v2\/pages\/28\/revisions\/466"}],"wp:attachment":[{"href":"https:\/\/spzozjedlnia.pl\/index.php?rest_route=%2Fwp%2Fv2%2Fmedia&parent=28"}],"curies":[{"name":"wp","href":"https:\/\/api.w.org\/{rel}","templated":true}]}}