{"id":211,"date":"2025-11-26T08:30:44","date_gmt":"2025-11-26T08:30:44","guid":{"rendered":"https:\/\/spzozjedlnia.pl\/?page_id=211"},"modified":"2026-02-03T11:31:10","modified_gmt":"2026-02-03T11:31:10","slug":"deklaracje-dostepnosci","status":"publish","type":"page","link":"https:\/\/spzozjedlnia.pl\/?page_id=211","title":{"rendered":"Deklaracje Dost\u0119pno\u015bci"},"content":{"rendered":"\n<p><strong>Deklaracja dost\u0119pno\u015bci Samodzielnego Publicznego Zak\u0142adu Opieki Zdrowotnej Jedlnia-Letnisko <\/strong><br>SPZOZ Jedlnia-Letnisko dok\u0142ada wszelkich stara\u0144 i podejmuje dzia\u0142ania na rzecz zapewnienia dost\u0119pno\u015bci cyfrowej, informacyjno-komunikacyjnej i architektonicznej.<\/p>\n\n\n\n<p>Dost\u0119pno\u015b\u0107 cyfrowa<br>SPZOZ Jedlnia-Letnisko zobowi\u0105zuje si\u0119 zapewnia\u0107 dost\u0119pno\u015b\u0107 strony internetowej zgodnie z przepisami ustawy z dnia 4 kwietnia 2019 r. o dost\u0119pno\u015bci cyfrowej stron internetowych i aplikacji mobilnych podmiot\u00f3w publicznych (t.j. Dz. U. z 2023 r. poz. 1440)<\/p>\n\n\n\n<p>O\u015bwiadczenie dost\u0119pno\u015bci ma zastosowanie do strony internetowej: www.spzozjedelnia.pl<\/p>\n\n\n\n<p>Strona internetowa jest cz\u0119\u015bciowo zgodna z Ustaw\u0105 z dnia 4 kwietnia 2019 r. o dost\u0119pno\u015bci cyfrowej stron internetowych i aplikacji mobilnych podmiot\u00f3w publicznych. Strona nie jest wyposa\u017cona w funkcj\u0119 maszynowego odczytywania tekstu (funkcja jest dost\u0119pna automatycznie tylko w wybranych przegl\u0105darkach internetowych), strona nie zawiera funkcji audiodeskrypcji, wybrane druki za\u0142\u0105czono w formacie PDF. Strona nie jest wyposa\u017cona w skr\u00f3ty klawiaturowe, kt\u00f3re mog\u0142yby kolidowa\u0107 z programami asystuj\u0105cymi.<\/p>\n\n\n\n<p>Data publikacji strony: 15 pa\u017adziernik 2025 r.<br>Przygotowanie deklaracji: pa\u017adziernik 2025 r.<br>Przegl\u0105d deklaracji dost\u0119pno\u015bci: 26 listopad 2025 r.<br>Deklaracj\u0119 sprawdzono na podstawie samooceny przeprowadzonej przez podmiot publiczny.<\/p>\n\n\n\n<p>Obs\u0142uga wniosk\u00f3w i skarg zwi\u0105zanych z dost\u0119pno\u015bci\u0105<br>Problemy z dost\u0119pno\u015bci\u0105 nale\u017cy zg\u0142asza\u0107 do SPZOZ Jedlnia-Letnisko:  tel. 48 322-10-23<\/p>\n\n\n\n<p>Koordynator ds. dost\u0119pno\u015bci: &#8230;&#8230;&#8230;&#8230;&#8230;&#8230;&#8230;&#8230;&#8230; <\/p>\n\n\n\n<p>Ka\u017cdy ma prawo do wyst\u0105pienia z \u017c\u0105daniem zapewnienia dost\u0119pno\u015bci cyfrowej strony internetowej, aplikacji mobilnej lub jakiego\u015b ich elementu. Mo\u017cna tak\u017ce za\u017c\u0105da\u0107 udost\u0119pnienia informacji za pomoc\u0105 alternatywnego sposobu dost\u0119pu, na przyk\u0142ad przez odczytanie niedost\u0119pnego cyfrowo dokumentu, opisanie zawarto\u015bci filmu bez audiodeskrypcji itp.<\/p>\n\n\n\n<p>\u017b\u0105danie powinno zawiera\u0107 dane osoby zg\u0142aszaj\u0105cej \u017c\u0105danie, wskazanie, o kt\u00f3r\u0105 stron\u0119 internetow\u0105 lub aplikacj\u0119 mobiln\u0105 chodzi oraz spos\u00f3b kontaktu. Je\u017celi osoba \u017c\u0105daj\u0105ca zg\u0142asza potrzeb\u0119 otrzymania informacji za pomoc\u0105 alternatywnego sposobu dost\u0119pu, powinna tak\u017ce okre\u015bli\u0107 dogodny dla niej spos\u00f3b przedstawienia tej informacji.<\/p>\n\n\n\n<p>SPZOZ Jedlnia-Letnisko  zrealizuje \u017c\u0105danie niezw\u0142ocznie, nie p\u00f3\u017aniej ni\u017c w ci\u0105gu 7 dni od dnia wyst\u0105pienia z \u017c\u0105daniem. Je\u017celi dotrzymanie tego terminu nie jest mo\u017cliwe, SPZOZ Jedlnia-Letnisko  niezw\u0142ocznie poinformuje o tym wnosz\u0105cego \u017c\u0105danie, kiedy realizacja \u017c\u0105dania b\u0119dzie mo\u017cliwa, przy czym termin ten nie mo\u017ce by\u0107 d\u0142u\u017cszy ni\u017c 2 miesi\u0105ce od dnia wyst\u0105pienia z \u017c\u0105daniem. Je\u017celi zapewnienie dost\u0119pno\u015bci cyfrowej nie jest mo\u017cliwe, SPZOZ Jedlnia-Letnisko  zaproponuje alternatywny spos\u00f3b dost\u0119pu do informacji.<\/p>\n\n\n\n<p>W przypadku odmowy realizacji \u017c\u0105dania zapewnienia dost\u0119pno\u015bci lub alternatywnego sposobu dost\u0119pu do informacji, wnosz\u0105cy \u017c\u0105danie mo\u017cne z\u0142o\u017cy\u0107 skarg\u0119 w sprawie zapewnienia dost\u0119pno\u015bci cyfrowej strony internetowej, aplikacji mobilnej lub elementu strony internetowej, lub aplikacji mobilnej. Po wyczerpaniu wskazanej wy\u017cej procedury osoba wyst\u0119puj\u0105ca z \u017c\u0105daniem mo\u017ce z\u0142o\u017cy\u0107 wniosek do Rzecznika Praw Obywatelskich.<\/p>\n\n\n\n<p>Dost\u0119pno\u015b\u0107 architektoniczna<br>SPZOZ Jedlnia-Letnisko  zapewnia dost\u0119pno\u015b\u0107 architektoniczn\u0105 w zakresie:<\/p>\n\n\n\n<p><strong>Samodzielny Publiczny Zak\u0142ad Opieki Zdrowotnej<\/strong> <br>26-630 Jedlnia Letnisko, ul. Chopina 1, e-mail: recepcja@spzozjedlnia.pl<br>parking dla os\u00f3b niepe\u0142nosprawnych: TAK<br>wej\u015bcie g\u0142\u00f3wne: po schodach lub rampa: TAK<br>podjazd dla w\u00f3zk\u00f3w: TAK<br>toalety dla os\u00f3b niepe\u0142nosprawnych: TAK<br>mo\u017cliwo\u015b\u0107 wej\u015bcia z psem asystuj\u0105cym: TAK<\/p>\n\n\n\n<p><strong>Poradnia Lekarza Rodzinnego<\/strong> 26-630 Groszowice 117, e-mail: groszowice@spzozjedlnia.pl <\/p>\n\n\n\n<p><br><\/p>\n","protected":false},"excerpt":{"rendered":"<div class=\"mh-excerpt\"><p>Deklaracja dost\u0119pno\u015bci Samodzielnego Publicznego Zak\u0142adu Opieki Zdrowotnej Jedlnia-Letnisko SPZOZ Jedlnia-Letnisko dok\u0142ada wszelkich stara\u0144 i podejmuje dzia\u0142ania na rzecz zapewnienia dost\u0119pno\u015bci cyfrowej, informacyjno-komunikacyjnej i architektonicznej. Dost\u0119pno\u015b\u0107 cyfrowaSPZOZ Jedlnia-Letnisko zobowi\u0105zuje si\u0119 zapewnia\u0107 dost\u0119pno\u015b\u0107 strony internetowej zgodnie z przepisami ustawy z dnia 4 kwietnia 2019 r. o dost\u0119pno\u015bci cyfrowej stron internetowych i aplikacji mobilnych podmiot\u00f3w publicznych (t.j. Dz. U. z 2023 r. poz. 1440) O\u015bwiadczenie dost\u0119pno\u015bci ma zastosowanie do strony internetowej: www.spzozjedelnia.pl Strona internetowa jest cz\u0119\u015bciowo zgodna z Ustaw\u0105 z dnia 4 kwietnia 2019 r. o dost\u0119pno\u015bci cyfrowej stron internetowych i aplikacji mobilnych podmiot\u00f3w publicznych. Strona nie jest wyposa\u017cona w funkcj\u0119 maszynowego odczytywania tekstu (funkcja jest dost\u0119pna automatycznie tylko w wybranych przegl\u0105darkach internetowych), strona nie zawiera funkcji audiodeskrypcji, wybrane druki za\u0142\u0105czono w formacie PDF. Strona nie jest wyposa\u017cona w skr\u00f3ty klawiaturowe, kt\u00f3re mog\u0142yby kolidowa\u0107 z programami asystuj\u0105cymi. Data publikacji strony: 15 pa\u017adziernik 2025 r.Przygotowanie deklaracji: pa\u017adziernik 2025 r.Przegl\u0105d deklaracji dost\u0119pno\u015bci: 26 listopad 2025 r.Deklaracj\u0119 sprawdzono na podstawie samooceny przeprowadzonej przez podmiot publiczny. Obs\u0142uga wniosk\u00f3w i skarg zwi\u0105zanych z dost\u0119pno\u015bci\u0105Problemy z dost\u0119pno\u015bci\u0105 nale\u017cy zg\u0142asza\u0107 do SPZOZ Jedlnia-Letnisko: tel. 48 322-10-23 Koordynator ds. dost\u0119pno\u015bci: &#8230;&#8230;&#8230;&#8230;&#8230;&#8230;&#8230;&#8230;&#8230; Ka\u017cdy ma prawo do wyst\u0105pienia z \u017c\u0105daniem zapewnienia dost\u0119pno\u015bci cyfrowej strony internetowej, aplikacji mobilnej lub jakiego\u015b ich elementu. Mo\u017cna tak\u017ce za\u017c\u0105da\u0107 udost\u0119pnienia informacji za pomoc\u0105 alternatywnego sposobu dost\u0119pu, na przyk\u0142ad przez odczytanie niedost\u0119pnego cyfrowo dokumentu, opisanie zawarto\u015bci filmu bez audiodeskrypcji itp. \u017b\u0105danie powinno zawiera\u0107 dane osoby zg\u0142aszaj\u0105cej \u017c\u0105danie, wskazanie, o kt\u00f3r\u0105 stron\u0119 internetow\u0105 lub aplikacj\u0119 mobiln\u0105 chodzi oraz spos\u00f3b kontaktu. Je\u017celi osoba \u017c\u0105daj\u0105ca zg\u0142asza potrzeb\u0119 otrzymania informacji za pomoc\u0105 alternatywnego <a class=\"mh-excerpt-more\" href=\"https:\/\/spzozjedlnia.pl\/?page_id=211\" title=\"Deklaracje Dost\u0119pno\u015bci\">[&#8230;]<\/a><\/p>\n<\/div>","protected":false},"author":1,"featured_media":0,"parent":0,"menu_order":0,"comment_status":"closed","ping_status":"closed","template":"template-full.php","meta":{"footnotes":""},"class_list":["post-211","page","type-page","status-publish"],"_links":{"self":[{"href":"https:\/\/spzozjedlnia.pl\/index.php?rest_route=\/wp\/v2\/pages\/211","targetHints":{"allow":["GET"]}}],"collection":[{"href":"https:\/\/spzozjedlnia.pl\/index.php?rest_route=\/wp\/v2\/pages"}],"about":[{"href":"https:\/\/spzozjedlnia.pl\/index.php?rest_route=\/wp\/v2\/types\/page"}],"author":[{"embeddable":true,"href":"https:\/\/spzozjedlnia.pl\/index.php?rest_route=\/wp\/v2\/users\/1"}],"replies":[{"embeddable":true,"href":"https:\/\/spzozjedlnia.pl\/index.php?rest_route=%2Fwp%2Fv2%2Fcomments&post=211"}],"version-history":[{"count":4,"href":"https:\/\/spzozjedlnia.pl\/index.php?rest_route=\/wp\/v2\/pages\/211\/revisions"}],"predecessor-version":[{"id":331,"href":"https:\/\/spzozjedlnia.pl\/index.php?rest_route=\/wp\/v2\/pages\/211\/revisions\/331"}],"wp:attachment":[{"href":"https:\/\/spzozjedlnia.pl\/index.php?rest_route=%2Fwp%2Fv2%2Fmedia&parent=211"}],"curies":[{"name":"wp","href":"https:\/\/api.w.org\/{rel}","templated":true}]}}