{"id":20,"date":"2025-10-18T16:37:11","date_gmt":"2025-10-18T16:37:11","guid":{"rendered":"https:\/\/spzozjedlnia.pl\/?page_id=20"},"modified":"2026-03-13T09:06:24","modified_gmt":"2026-03-13T09:06:24","slug":"kontakt","status":"publish","type":"page","link":"https:\/\/spzozjedlnia.pl\/?page_id=20","title":{"rendered":"Kontakt"},"content":{"rendered":"\n<p class=\"has-small-font-size\"><strong><br>Samodzielny Publiczny Zak\u0142ad Opieki Zdrowotnej<\/strong><\/p>\n\n\n\n<p class=\"has-small-font-size\">26-630 Jedlnia Letnisko<\/p>\n\n\n\n<p class=\"has-small-font-size\">ul. Chopina 1<\/p>\n\n\n\n<p class=\"has-small-font-size\">tel. 48 322 10 23 (Fax)<\/p>\n\n\n\n<p class=\"has-small-font-size\">tel.&nbsp; 573 055 033<\/p>\n\n\n\n<p class=\"has-small-font-size\">tel. 453 697 511<\/p>\n\n\n\n<p class=\"has-small-font-size\">e-mail: spzozjedlnia@wp.pl<\/p>\n\n\n\n<p class=\"has-small-font-size\"><strong>Poradnia Lekarza Rodzinnego<\/strong><\/p>\n\n\n\n<p class=\"has-small-font-size\">26-630 Groszowice 117<\/p>\n\n\n\n<p class=\"has-small-font-size\">e-mail: spzozjedlnia@wp.pl<\/p>\n\n\n\n<p class=\"has-small-font-size\">tel. 515 828 301<\/p>\n\n\n\n<p class=\"has-small-font-size\"><strong>Poradnia Rehabilitacji Narz\u0105du Ruchu<\/strong><\/p>\n\n\n\n<p class=\"has-small-font-size\">26-630 Jedlnia Letnisko<\/p>\n\n\n\n<p class=\"has-small-font-size\">ul. Chopina 1<\/p>\n\n\n\n<p class=\"has-small-font-size\">tel. 48 322 10 23 (Fax)<\/p>\n\n\n\n<p class=\"has-small-font-size\">tel. 573 055 044&nbsp;<\/p>\n\n\n\n<p class=\"has-small-font-size\"><strong>Poradnia Ginekologiczo-Po\u0142o\u017cnicza<\/strong><\/p>\n\n\n\n<p class=\"has-small-font-size\">tel. 515 456 129<\/p>\n","protected":false},"excerpt":{"rendered":"<div class=\"mh-excerpt\"><p>Samodzielny Publiczny Zak\u0142ad Opieki Zdrowotnej 26-630 Jedlnia Letnisko ul. Chopina 1 tel. 48 322 10 23 (Fax) tel.&nbsp; 573 055 033 tel. 453 697 511 e-mail: spzozjedlnia@wp.pl Poradnia Lekarza Rodzinnego 26-630 Groszowice 117 e-mail: spzozjedlnia@wp.pl tel. 515 828 301 Poradnia Rehabilitacji Narz\u0105du Ruchu 26-630 Jedlnia Letnisko ul. Chopina 1 tel. 48 322 10 23 (Fax) tel. 573 055 044&nbsp; Poradnia Ginekologiczo-Po\u0142o\u017cnicza tel. 515 456 129<\/p>\n<\/div>","protected":false},"author":1,"featured_media":0,"parent":0,"menu_order":0,"comment_status":"closed","ping_status":"closed","template":"template-full.php","meta":{"footnotes":""},"class_list":["post-20","page","type-page","status-publish"],"_links":{"self":[{"href":"https:\/\/spzozjedlnia.pl\/index.php?rest_route=\/wp\/v2\/pages\/20","targetHints":{"allow":["GET"]}}],"collection":[{"href":"https:\/\/spzozjedlnia.pl\/index.php?rest_route=\/wp\/v2\/pages"}],"about":[{"href":"https:\/\/spzozjedlnia.pl\/index.php?rest_route=\/wp\/v2\/types\/page"}],"author":[{"embeddable":true,"href":"https:\/\/spzozjedlnia.pl\/index.php?rest_route=\/wp\/v2\/users\/1"}],"replies":[{"embeddable":true,"href":"https:\/\/spzozjedlnia.pl\/index.php?rest_route=%2Fwp%2Fv2%2Fcomments&post=20"}],"version-history":[{"count":3,"href":"https:\/\/spzozjedlnia.pl\/index.php?rest_route=\/wp\/v2\/pages\/20\/revisions"}],"predecessor-version":[{"id":471,"href":"https:\/\/spzozjedlnia.pl\/index.php?rest_route=\/wp\/v2\/pages\/20\/revisions\/471"}],"wp:attachment":[{"href":"https:\/\/spzozjedlnia.pl\/index.php?rest_route=%2Fwp%2Fv2%2Fmedia&parent=20"}],"curies":[{"name":"wp","href":"https:\/\/api.w.org\/{rel}","templated":true}]}}