{"id":14,"date":"2025-10-18T16:35:11","date_gmt":"2025-10-18T16:35:11","guid":{"rendered":"https:\/\/spzozjedlnia.pl\/?page_id=14"},"modified":"2026-04-04T07:46:39","modified_gmt":"2026-04-04T07:46:39","slug":"aktualnosci","status":"publish","type":"page","link":"https:\/\/spzozjedlnia.pl\/?page_id=14","title":{"rendered":"Aktualno\u015bci"},"content":{"rendered":"\n<p><strong>OPIEKA KOORDYNOWANA W\u00a0 Podstawowej Opiece Zdrowotnej <\/strong><br>Wi\u0119ksze mo\u017cliwo\u015bci diagnostyki i leczenia chor\u00f3b przewlek\u0142ych z grup dziedzinowych takich jak:<br>-Diabetologia <br>-Kardiologia <br>-Endokrynologia<br>-Pulmonologia <br>-Nefrologia <br><strong>Telefon kontaktowy:\u00a0\u00a0<\/strong>572 400 086, <br><strong>Kontakt w godzinach:<\/strong>\u00a08:00-14:00,\u00a0 \u00a0b\u0105d\u017a 10:00-16:00<\/p>\n\n\n\n<p class=\"has-medium-font-size\"><strong>PRACOWNIA ANALIZ LEKARSKICH\u00a0 W JEDLNI-LETNISKU\u00a0<\/strong><br>PONIEDZIA\u0141EK 7:00-10:00, WTOREK 7.00-10.00, CZWARTEK 7.00-10.00, <br>zapisy na badania prowadzone s\u0105 w rejestracji, w godzinach pracy\u00a0 przychodn<br><\/p>\n\n\n\n<p class=\"has-medium-font-size\"><strong>PRACOWNIA ANALIZ LEKARSKICH\u00a0 W GROSZOWICACH <\/strong><br><strong>CZYNNA<\/strong> CZWARTEK 8.00-10.00, <strong>BADANIE USG \/ RTG<\/strong>, <br>PRZYCHODNIA OLSZTY\u0143SKA\u00a0 33 tel. 566 566 001, oraz\u00a0\u00a0<strong>USG<\/strong>\u00a0w SP ZOZ Jedlnia-Letnisko<br><\/p>\n\n\n\n<p class=\"has-medium-font-size\"><strong>KOMUNIKAT\u00a0<\/strong> <strong>W SPRAWIE\u00a0PROGRAMU BEZP\u0141ATNYCH SZCZEPIE\u0143 PRZECIW HPV<\/strong><\/p>\n\n\n\n<p id=\"block-d39dfd5d-e2a4-4ec0-8351-389cca4e8403\">INFORMUJEMY, \u017bE W ROKU 2025 Z BEZP\u0141ATNYCH SZCZEPIE\u0143 P\/HPV MOG\u0104 SKORZYSTA\u0106 DZIEWCZYNKI I CH\u0141OPCY URODZENI W LATACH 2011-2016\u00a0 \u00a0 \u00a0 \u00a0 \u00a0 \u00a0 \u00a0 \u00a0 \u00a0 \u00a0 \u00a0 \u00a0 \u00a0 \u00a0 \u00a0 \u00a0 \u00a0 \u00a0 \u00a0 \u00a0 \u00a0 \u00a0 \u00a0 \u00a0 \u00a0 \u00a0 \u00a0 \u00a0 \u00a0 \u00a0 \u00a0 \u00a0 \u00a0 \u00a0 \u00a0 \u00a0 \u00a0 \u00a0 \u00a0 \u00a0CH\u0118TNYCH DO SKORZYSTANIA PROSIMY O ZG\u0141ASZANIE W REJESTRACJI .<\/p>\n\n\n\n<p id=\"block-1f508e38-b6db-4ea1-8ecf-2c994e8d5480\">ZOSTA\u0141Y&nbsp; URUCHOMIONE DODATKOWE&nbsp;<strong>TELEFONY DO O\u015aRODKA ZDROWIA W JEDLNI-LETNISK0<\/strong><\/p>\n\n\n\n<p id=\"block-25720f92-530a-4dab-840d-b3c2b0abc431\">tel. <strong>453 697 511<\/strong>,  tel. <strong>573-055-033<\/strong>,  tel. <strong>48-322-10-23<\/strong><\/p>\n\n\n\n<p id=\"block-02f3915f-aefd-453b-b3db-bbfb42013c1f\"><strong>KOMUNIKAT<\/strong> <\/p>\n\n\n\n<p id=\"block-d1bc8e36-254c-47d7-8e7d-a2544ec2a5f1\"><strong>Przed\u0142u\u017cenie recepty na leki sta\u0142e pacjenci mog\u0105&nbsp; zg\u0142asza\u0107&nbsp; telefonicznie.<\/strong><\/p>\n\n\n\n<p id=\"block-a2e7a90a-e381-4fbc-9751-220059d598c3\"><strong>KOMUNIKAT<\/strong><\/p>\n\n\n\n<p class=\"has-medium-font-size\"><strong>Przychodnia nie wykonuje bada\u0144 do&nbsp;Poradni Medycyny Sportowej&nbsp;i&nbsp;Poradni Medycyny Pracy<\/strong><\/p>\n\n\n\n<p class=\"has-medium-font-size\"><\/p>\n\n\n\n<div data-wp-interactive=\"core\/file\" class=\"wp-block-file\"><object data-wp-bind--hidden=\"!state.hasPdfPreview\" hidden class=\"wp-block-file__embed\" data=\"https:\/\/spzozjedlnia.pl\/wp-content\/uploads\/2026\/04\/Przetarg-IT.pdf\" type=\"application\/pdf\" style=\"width:100%;height:600px\" aria-label=\"Osadzone z Przetarg IT.\"><\/object><a id=\"wp-block-file--media-212d9871-dfb8-4f92-8f80-d8c96e6e0f8c\" href=\"https:\/\/spzozjedlnia.pl\/wp-content\/uploads\/2026\/04\/Przetarg-IT.pdf\">Przetarg IT<\/a><a href=\"https:\/\/spzozjedlnia.pl\/wp-content\/uploads\/2026\/04\/Przetarg-IT.pdf\" class=\"wp-block-file__button wp-element-button\" download aria-describedby=\"wp-block-file--media-212d9871-dfb8-4f92-8f80-d8c96e6e0f8c\">Pobierz<\/a><\/div>\n\n\n\n<div data-wp-interactive=\"core\/file\" class=\"wp-block-file\"><object data-wp-bind--hidden=\"!state.hasPdfPreview\" hidden class=\"wp-block-file__embed\" data=\"https:\/\/spzozjedlnia.pl\/wp-content\/uploads\/2026\/04\/Ogloszenie-o-zamowieniu-2.pdf\" type=\"application\/pdf\" style=\"width:100%;height:600px\" aria-label=\"Osadzone z Og\u0142oszenie o zam\u00f3wieniu-2.\"><\/object><a id=\"wp-block-file--media-5ac3d44e-26f8-4f98-97f9-22abbc00a74a\" href=\"https:\/\/spzozjedlnia.pl\/wp-content\/uploads\/2026\/04\/Ogloszenie-o-zamowieniu-2.pdf\">Og\u0142oszenie o zam\u00f3wieniu-2<\/a><a href=\"https:\/\/spzozjedlnia.pl\/wp-content\/uploads\/2026\/04\/Ogloszenie-o-zamowieniu-2.pdf\" class=\"wp-block-file__button wp-element-button\" download aria-describedby=\"wp-block-file--media-5ac3d44e-26f8-4f98-97f9-22abbc00a74a\">Pobierz<\/a><\/div>\n\n\n\n<div data-wp-interactive=\"core\/file\" class=\"wp-block-file\"><object data-wp-bind--hidden=\"!state.hasPdfPreview\" hidden class=\"wp-block-file__embed\" data=\"https:\/\/spzozjedlnia.pl\/wp-content\/uploads\/2026\/04\/Przetarg-SM.pdf\" type=\"application\/pdf\" style=\"width:100%;height:600px\" aria-label=\"Osadzone z Przetarg SM.\"><\/object><a id=\"wp-block-file--media-be832387-5278-40ca-82bc-03d4e872015a\" href=\"https:\/\/spzozjedlnia.pl\/wp-content\/uploads\/2026\/04\/Przetarg-SM.pdf\">Przetarg SM<\/a><a href=\"https:\/\/spzozjedlnia.pl\/wp-content\/uploads\/2026\/04\/Przetarg-SM.pdf\" class=\"wp-block-file__button wp-element-button\" download aria-describedby=\"wp-block-file--media-be832387-5278-40ca-82bc-03d4e872015a\">Pobierz<\/a><\/div>\n\n\n\n<div data-wp-interactive=\"core\/file\" class=\"wp-block-file\"><object data-wp-bind--hidden=\"!state.hasPdfPreview\" hidden class=\"wp-block-file__embed\" data=\"https:\/\/spzozjedlnia.pl\/wp-content\/uploads\/2026\/04\/Ogloszenie-o-zamowieniu-1-2.pdf\" type=\"application\/pdf\" style=\"width:100%;height:600px\" aria-label=\"Osadzone z Og\u0142oszenie o zam\u00f3wieniu-1.\"><\/object><a id=\"wp-block-file--media-bff2b0c9-0cbc-4a5b-acd7-1d5a0d315b93\" href=\"https:\/\/spzozjedlnia.pl\/wp-content\/uploads\/2026\/04\/Ogloszenie-o-zamowieniu-1-2.pdf\">Og\u0142oszenie o zam\u00f3wieniu-1<\/a><a href=\"https:\/\/spzozjedlnia.pl\/wp-content\/uploads\/2026\/04\/Ogloszenie-o-zamowieniu-1-2.pdf\" class=\"wp-block-file__button wp-element-button\" download aria-describedby=\"wp-block-file--media-bff2b0c9-0cbc-4a5b-acd7-1d5a0d315b93\">Pobierz<\/a><\/div>\n\n\n\n<p class=\"has-medium-font-size\"><\/p>\n\n\n\n<p class=\"has-medium-font-size\"><\/p>\n\n\n\n<p class=\"has-medium-font-size\"><\/p>\n\n\n\n<p class=\"has-medium-font-size\">\u00a0<\/p>\n\n\n\n<p class=\"has-medium-font-size\"><\/p>\n\n\n\n<p class=\"has-medium-font-size\"><strong>KOMUNIKAT&nbsp;<\/strong><\/p>\n\n\n\n<p class=\"has-medium-font-size\">ZOSTA\u0141Y\u00a0 URUCHOMIONE DODATKOWE\u00a0<strong>TELEFONY DO O\u015aRODKA ZDROWIA W JEDLNI-LETNISK0<\/strong><\/p>\n\n\n\n<p style=\"font-size:15px\"><strong>453 697 511<\/strong><\/p>\n\n\n\n<p style=\"font-size:17px\"><strong>573-055-033<\/strong><\/p>\n\n\n\n<p style=\"font-size:17px\"><strong>48-322-10-23<\/strong><\/p>\n\n\n\n<h4 class=\"wp-block-heading\">KOMUNIKAT<\/h4>\n\n\n\n<p class=\"has-medium-font-size\">Informacja o szczepieniach przeciwko&nbsp;COVID\u201119? Bezp\u0142atna ca\u0142odobowa infolinia Narodowego Programu Szczepie\u0144 pod numerem&nbsp;<strong><a href=\"tel:989\">989<\/a><\/strong>&nbsp; oraz<\/p>\n\n\n\n<p class=\"has-medium-font-size\">(<strong><a href=\"tel:226262989\">22 62 62&nbsp;989<\/a><\/strong>&nbsp;\u2013 dla dzwoni\u0105cych z&nbsp;zagranicy<\/p>\n\n\n\n<p class=\"has-medium-font-size\"><em>szczepimysie.pacjent.gov.pl lub&nbsp;&nbsp;na stronie pacjent.gov.pl<\/em><\/p>\n\n\n\n<p class=\"has-medium-font-size\"><strong>KOMUNIKAT<\/strong><\/p>\n\n\n\n<p class=\"has-medium-font-size\">W zwi\u0105zku z konfliktem zbrojnym na Ukrainie obywatelom tego pa\u0144stwa, potrzebuj\u0105cym opieki medycznej zostanie udzielona pomoc w godzinach 8.00-18.00 a mi\u0119dzy&nbsp;18 a 8 rano oraz w weekendy i \u015bwi\u0119ta, mo\u017cna wys\u0142a\u0107 po ukrai\u0144sku formularz zg\u0142oszeniowy lub zadzwoni\u0107 pod numer&nbsp; &nbsp; &nbsp; &nbsp; &nbsp; &nbsp; &nbsp; &nbsp; &nbsp;800 137 200.<\/p>\n\n\n\n<p class=\"has-medium-font-size\">Pomoc b\u0119dzie udzielana&nbsp;obywatelom&nbsp;Ukrainy, kt\u00f3rzy posiadaj\u0105 za\u015bwiadczenie wystawione przez Stra\u017c Graniczn\u0105 RP lub odcisk stempla Stra\u017cy Granicznej RP w dokumencie podr\u00f3\u017cy, potwierdzaj\u0105ce&nbsp;legalny pobyt na terytorium RP, po przekroczeniu granicy od 24 lutego 2022 r., w zwi\u0105zku z konfliktem zbrojnym na terytorium Ukrainy.&nbsp;<\/p>\n","protected":false},"excerpt":{"rendered":"<div class=\"mh-excerpt\"><p>OPIEKA KOORDYNOWANA W\u00a0 Podstawowej Opiece Zdrowotnej Wi\u0119ksze mo\u017cliwo\u015bci diagnostyki i leczenia chor\u00f3b przewlek\u0142ych z grup dziedzinowych takich jak:-Diabetologia -Kardiologia -Endokrynologia-Pulmonologia -Nefrologia Telefon kontaktowy:\u00a0\u00a0572 400 086, Kontakt w godzinach:\u00a08:00-14:00,\u00a0 \u00a0b\u0105d\u017a 10:00-16:00 PRACOWNIA ANALIZ LEKARSKICH\u00a0 W JEDLNI-LETNISKU\u00a0PONIEDZIA\u0141EK 7:00-10:00, WTOREK 7.00-10.00, CZWARTEK 7.00-10.00, zapisy na badania prowadzone s\u0105 w rejestracji, w godzinach pracy\u00a0 przychodn PRACOWNIA ANALIZ LEKARSKICH\u00a0 W GROSZOWICACH CZYNNA CZWARTEK 8.00-10.00, BADANIE USG \/ RTG, PRZYCHODNIA OLSZTY\u0143SKA\u00a0 33 tel. 566 566 001, oraz\u00a0\u00a0USG\u00a0w SP ZOZ Jedlnia-Letnisko KOMUNIKAT\u00a0 W SPRAWIE\u00a0PROGRAMU BEZP\u0141ATNYCH SZCZEPIE\u0143 PRZECIW HPV INFORMUJEMY, \u017bE W ROKU 2025 Z BEZP\u0141ATNYCH SZCZEPIE\u0143 P\/HPV MOG\u0104 SKORZYSTA\u0106 DZIEWCZYNKI I CH\u0141OPCY URODZENI W LATACH 2011-2016\u00a0 \u00a0 \u00a0 \u00a0 \u00a0 \u00a0 \u00a0 \u00a0 \u00a0 \u00a0 \u00a0 \u00a0 \u00a0 \u00a0 \u00a0 \u00a0 \u00a0 \u00a0 \u00a0 \u00a0 \u00a0 \u00a0 \u00a0 \u00a0 \u00a0 \u00a0 \u00a0 \u00a0 \u00a0 \u00a0 \u00a0 \u00a0 \u00a0 \u00a0 \u00a0 \u00a0 \u00a0 \u00a0 \u00a0 \u00a0CH\u0118TNYCH DO SKORZYSTANIA PROSIMY O ZG\u0141ASZANIE W REJESTRACJI . ZOSTA\u0141Y&nbsp; URUCHOMIONE DODATKOWE&nbsp;TELEFONY DO O\u015aRODKA ZDROWIA W JEDLNI-LETNISK0 tel. 453 697 511, tel. 573-055-033, tel. 48-322-10-23 KOMUNIKAT Przed\u0142u\u017cenie recepty na leki sta\u0142e pacjenci mog\u0105&nbsp; zg\u0142asza\u0107&nbsp; telefonicznie. KOMUNIKAT Przychodnia nie wykonuje bada\u0144 do&nbsp;Poradni Medycyny Sportowej&nbsp;i&nbsp;Poradni Medycyny Pracy \u00a0 KOMUNIKAT&nbsp; ZOSTA\u0141Y\u00a0 URUCHOMIONE DODATKOWE\u00a0TELEFONY DO O\u015aRODKA ZDROWIA W JEDLNI-LETNISK0 453 697 511 573-055-033 48-322-10-23 KOMUNIKAT Informacja o szczepieniach przeciwko&nbsp;COVID\u201119? Bezp\u0142atna ca\u0142odobowa infolinia Narodowego Programu Szczepie\u0144 pod numerem&nbsp;989&nbsp; oraz (22 62 62&nbsp;989&nbsp;\u2013 dla dzwoni\u0105cych z&nbsp;zagranicy szczepimysie.pacjent.gov.pl lub&nbsp;&nbsp;na stronie pacjent.gov.pl KOMUNIKAT W zwi\u0105zku z konfliktem zbrojnym na Ukrainie obywatelom tego pa\u0144stwa, potrzebuj\u0105cym opieki medycznej zostanie udzielona pomoc w godzinach 8.00-18.00 a mi\u0119dzy&nbsp;18 a 8 rano oraz w weekendy i <a class=\"mh-excerpt-more\" href=\"https:\/\/spzozjedlnia.pl\/?page_id=14\" title=\"Aktualno\u015bci\">[&#8230;]<\/a><\/p>\n<\/div>","protected":false},"author":1,"featured_media":0,"parent":0,"menu_order":0,"comment_status":"closed","ping_status":"closed","template":"template-full.php","meta":{"footnotes":""},"class_list":["post-14","page","type-page","status-publish"],"_links":{"self":[{"href":"https:\/\/spzozjedlnia.pl\/index.php?rest_route=\/wp\/v2\/pages\/14","targetHints":{"allow":["GET"]}}],"collection":[{"href":"https:\/\/spzozjedlnia.pl\/index.php?rest_route=\/wp\/v2\/pages"}],"about":[{"href":"https:\/\/spzozjedlnia.pl\/index.php?rest_route=\/wp\/v2\/types\/page"}],"author":[{"embeddable":true,"href":"https:\/\/spzozjedlnia.pl\/index.php?rest_route=\/wp\/v2\/users\/1"}],"replies":[{"embeddable":true,"href":"https:\/\/spzozjedlnia.pl\/index.php?rest_route=%2Fwp%2Fv2%2Fcomments&post=14"}],"version-history":[{"count":12,"href":"https:\/\/spzozjedlnia.pl\/index.php?rest_route=\/wp\/v2\/pages\/14\/revisions"}],"predecessor-version":[{"id":550,"href":"https:\/\/spzozjedlnia.pl\/index.php?rest_route=\/wp\/v2\/pages\/14\/revisions\/550"}],"wp:attachment":[{"href":"https:\/\/spzozjedlnia.pl\/index.php?rest_route=%2Fwp%2Fv2%2Fmedia&parent=14"}],"curies":[{"name":"wp","href":"https:\/\/api.w.org\/{rel}","templated":true}]}}